{"id":2142,"date":"2025-03-27T19:26:01","date_gmt":"2025-03-27T19:26:01","guid":{"rendered":"https:\/\/micuerpomitemplo.com\/?page_id=2142"},"modified":"2025-03-27T19:26:01","modified_gmt":"2025-03-27T19:26:01","slug":"aviso-legal","status":"publish","type":"page","link":"https:\/\/micuerpomitemplo.com\/en\/aviso-legal\/","title":{"rendered":"Aviso Legal"},"content":{"rendered":"<h2 class=\"wp-block-heading\"><strong>1. DATOS IDENTIFICATIVOS DEL TITULAR<\/strong><\/h2>\n\n\n\n<p>En cumplimiento con el deber de informaci\u00f3n recogido en art\u00edculo 10 de la Ley 34\/2002, de 11 de julio, de Servicios<sup><\/sup> de la Sociedad de la Informaci\u00f3n y del Comercio Electr\u00f3nico (LSSI-CE), a continuaci\u00f3n se reflejan los siguientes datos<sup><\/sup> del titular de este sitio web: &nbsp;<\/p>\n\n\n\n<ul class=\"wp-block-list\">\n<li><strong>Titular:<\/strong> Julia Krusenbaum<\/li>\n\n\n\n<li><strong>NIF:<\/strong> <code>Y4511796SO <\/code><\/li>\n\n\n\n<li><strong>Domicilio:<\/strong> <code>Calle Aljibe de trillo 4, Granada<\/code><\/li>\n\n\n\n<li><strong>Correo Electr\u00f3nico:<\/strong> julia@micuerpomitemplo.com <\/li>\n\n\n\n<li><strong>Sitio Web:<\/strong> <a href=\"https:\/\/micuerpomitemplo.com\/en\/\" target=\"_blank\" rel=\"noreferrer noopener\">https:\/\/micuerpomitemplo.com<\/a><\/li>\n<\/ul>\n\n\n\n<h2 class=\"wp-block-heading\"><strong>2. OBJETO DEL SITIO WEB<\/strong><\/h2>\n\n\n\n<p>El sitio web <code>https:\/\/micuerpomitemplo.com<\/code> (en adelante, el \u00abSitio Web\u00bb) tiene como objeto principal proporcionar informaci\u00f3n sobre los servicios de masajes terap\u00e9uticos y bienestar integral ofrecidos por Julia Krusenbaum bajo la denominaci\u00f3n \u00abMi Cuerpo Mi Templo\u00bb, as\u00ed como facilitar un medio de contacto y, en su caso, la reserva de citas.<\/p>\n\n\n\n<h2 class=\"wp-block-heading\"><strong>3. USUARIOS<\/strong><\/h2>\n\n\n\n<p>El acceso y\/o uso de este Sitio Web atribuye la condici\u00f3n de USUARIO, que acepta, desde dicho acceso y\/o uso, las Condiciones Generales de Uso aqu\u00ed reflejadas.<sup><\/sup> &nbsp;<\/p>\n\n\n\n<h2 class=\"wp-block-heading\"><strong>4. CONDICIONES DE USO DEL SITIO WEB<\/strong><\/h2>\n\n\n\n<p>El USUARIO se compromete a utilizar el Sitio Web, sus contenidos y servicios de conformidad con la Ley, el presente Aviso Legal, las buenas costumbres y el orden p\u00fablico.<sup><\/sup> Del mismo modo, el USUARIO se obliga a no utilizar el Sitio Web o los servicios que se presten a trav\u00e9s de \u00e9l con fines o efectos il\u00edcitos o contrarios al contenido del<sup><\/sup> presente Aviso Legal, lesivos de los intereses o derechos de terceros, o que de cualquier forma<sup><\/sup> puedan da\u00f1ar, inutilizar o deteriorar el Sitio Web o sus servicios, o impedir un normal disfrute del Sitio Web por otros USUARIOS. &nbsp;<\/p>\n\n\n\n<p>El USUARIO se compromete expresamente a no destruir, alterar, inutilizar o, de cualquier otra forma, da\u00f1ar los datos,<sup><\/sup> programas o documentos electr\u00f3nicos y dem\u00e1s que se encuentren en el presente Sitio Web.<sup><\/sup> &nbsp;<\/p>\n\n\n\n<h2 class=\"wp-block-heading\"><strong>5. PROPIEDAD INTELECTUAL E INDUSTRIAL<\/strong><\/h2>\n\n\n\n<p>Julia Krusenbaum es titular de todos los derechos de propiedad intelectual e industrial de su Sitio Web, as\u00ed como de los elementos contenidos en el mismo (a t\u00edtulo enunciativo: im\u00e1genes, sonido, audio, v\u00eddeo, software<sup><\/sup> o textos; marcas o logotipos, combinaciones de colores, estructura y dise\u00f1o, selecci\u00f3n de materiales usados, programas de ordenador necesarios para su funcionamiento, acceso y uso, etc.), o bien dispone de las licencias o autorizaciones correspondientes. &nbsp;<\/p>\n\n\n\n<p>En virtud de lo dispuesto en los art\u00edculos 8 y 32.1, p\u00e1rrafo segundo, de la Ley de Propiedad Intelectual, quedan expresamente prohibidas la reproducci\u00f3n, la distribuci\u00f3n y la comunicaci\u00f3n p\u00fablica, incluida su<sup><\/sup> modalidad de puesta a disposici\u00f3n, de la totalidad o parte de los contenidos de esta p\u00e1gina web, con fines comerciales, en cualquier soporte y por cualquier medio t\u00e9cnico, sin la autorizaci\u00f3n<sup><\/sup> de Julia Krusenbaum. El USUARIO se compromete a respetar los derechos de Propiedad Intelectual e Industrial titularidad de Julia Krusenbaum. &nbsp;<\/p>\n\n\n\n<h2 class=\"wp-block-heading\"><strong>6. EXCLUSI\u00d3N DE GARANT\u00cdAS Y RESPONSABILIDAD<\/strong><\/h2>\n\n\n\n<p>Julia Krusenbaum no se hace responsable, en ning\u00fan caso, de los da\u00f1os y perjuicios de cualquier naturaleza que pudieran ocasionar, a t\u00edtulo enunciativo: errores u omisiones en los contenidos, falta de disponibilidad del portal o la transmisi\u00f3n de virus o programas maliciosos o lesivos en los contenidos, a pesar de haber adoptado todas las medidas tecnol\u00f3gicas necesarias para evitarlo.<\/p>\n\n\n\n<p>La informaci\u00f3n proporcionada en el Sitio Web<sup><\/sup> sobre las terapias y masajes tiene car\u00e1cter divulgativo y orientativo. Los servicios ofrecidos buscan el bienestar y la relajaci\u00f3n y <strong>en ning\u00fan caso sustituyen el diagn\u00f3stico, consejo o tratamiento m\u00e9dico profesional.<\/strong> Si usted tiene alguna condici\u00f3n m\u00e9dica preexistente o duda sobre su salud, consulte siempre a su m\u00e9dico u otro profesional sanitario cualificado antes de recibir cualquier terapia. &nbsp;<\/p>\n\n\n\n<p>Julia Krusenbaum no se responsabiliza del uso que los USUARIOS puedan hacer de los contenidos alojados en su web. Tampoco se responsabiliza del contenido de los sitios web de terceros a los que se pueda enlazar desde el Sitio Web.<\/p>\n\n\n\n<h2 class=\"wp-block-heading\"><strong>7. MODIFICACIONES<\/strong><\/h2>\n\n\n\n<p>Julia Krusenbaum se reserva el derecho de efectuar sin previo aviso las modificaciones que considere oportunas en su Sitio Web, pudiendo cambiar, suprimir o a\u00f1adir tanto los contenidos y servicios que se presten a trav\u00e9s de la misma como<sup><\/sup> la forma en la que \u00e9stos aparezcan presentados o localizados en su portal. &nbsp;<\/p>\n\n\n\n<h2 class=\"wp-block-heading\"><strong>8. ENLACES<\/strong><\/h2>\n\n\n\n<p>En el caso de que en<sup><\/sup> el Sitio Web se dispusiesen enlaces o hiperv\u00ednculos hac\u00eda otros sitios de Internet, Julia Krusenbaum no ejercer\u00e1 ning\u00fan tipo de control sobre dichos sitios y contenidos. En ning\u00fan caso Julia Krusenbaum asumir\u00e1 responsabilidad alguna por los contenidos de alg\u00fan enlace perteneciente a un sitio web ajeno, ni garantizar\u00e1 la disponibilidad t\u00e9cnica, calidad, fiabilidad, exactitud, amplitud, veracidad, validez y constitucionalidad de cualquier material o informaci\u00f3n contenida en ninguno de dichos hiperv\u00ednculos u otros sitios de<sup><\/sup> Internet. &nbsp;<\/p>\n\n\n\n<h2 class=\"wp-block-heading\"><strong>9. DERECHO DE EXCLUSI\u00d3N<\/strong><sup><\/sup> &nbsp;<\/h2>\n\n\n\n<p>Julia Krusenbaum se reserva el derecho a denegar o retirar el acceso al portal y\/o los servicios ofrecidos sin necesidad de preaviso, a instancia propia o de un tercero, a aquellos usuarios que<sup><\/sup> incumplan las presentes Condiciones Generales de Uso. &nbsp;<\/p>\n\n\n\n<h2 class=\"wp-block-heading\"><strong>10. LEGISLACI\u00d3N APLICABLE Y JURISDICCI\u00d3N<\/strong><\/h2>\n\n\n\n<p>La relaci\u00f3n entre<sup><\/sup> Julia Krusenbaum y el USUARIO se regir\u00e1 por la normativa espa\u00f1ola vigente. Para cualquier controversia que pudiera derivarse del acceso o uso<sup><\/sup> del Sitio Web, las partes se someten expresamente a los Juzgados y Tribunales<sup><\/sup> de la ciudad de Granada, con renuncia expresa a cualquier otro fuero que pudiera corresponderles. &nbsp;<\/p>\n\n\n\n<h2 class=\"wp-block-heading\"><strong>11. CONTACTO<\/strong><\/h2>\n\n\n\n<p>Para cualquier consulta relacionada con el presente Aviso Legal, puede contactar con Julia Krusenbaum a trav\u00e9s de la direcci\u00f3n de correo electr\u00f3nico indicada en el apartado 1 de este documento.<\/p>","protected":false},"excerpt":{"rendered":"<p>1. DATOS IDENTIFICATIVOS DEL TITULAR En cumplimiento con el deber de informaci\u00f3n recogido en art\u00edculo 10 de la Ley 34\/2002, de 11 de julio, de Servicios de la Sociedad de la Informaci\u00f3n y del Comercio Electr\u00f3nico (LSSI-CE), a continuaci\u00f3n se reflejan los siguientes datos del titular de este sitio web: &nbsp; 2. OBJETO DEL SITIO&#8230;<\/p>","protected":false},"author":1,"featured_media":0,"parent":0,"menu_order":0,"comment_status":"closed","ping_status":"closed","template":"","meta":{"_kad_post_transparent":"","_kad_post_title":"","_kad_post_layout":"","_kad_post_sidebar_id":"","_kad_post_content_style":"","_kad_post_vertical_padding":"","_kad_post_feature":"","_kad_post_feature_position":"","_kad_post_header":false,"_kad_post_footer":false,"footnotes":""},"class_list":["post-2142","page","type-page","status-publish","hentry"],"_links":{"self":[{"href":"https:\/\/micuerpomitemplo.com\/en\/wp-json\/wp\/v2\/pages\/2142","targetHints":{"allow":["GET"]}}],"collection":[{"href":"https:\/\/micuerpomitemplo.com\/en\/wp-json\/wp\/v2\/pages"}],"about":[{"href":"https:\/\/micuerpomitemplo.com\/en\/wp-json\/wp\/v2\/types\/page"}],"author":[{"embeddable":true,"href":"https:\/\/micuerpomitemplo.com\/en\/wp-json\/wp\/v2\/users\/1"}],"replies":[{"embeddable":true,"href":"https:\/\/micuerpomitemplo.com\/en\/wp-json\/wp\/v2\/comments?post=2142"}],"version-history":[{"count":1,"href":"https:\/\/micuerpomitemplo.com\/en\/wp-json\/wp\/v2\/pages\/2142\/revisions"}],"predecessor-version":[{"id":2143,"href":"https:\/\/micuerpomitemplo.com\/en\/wp-json\/wp\/v2\/pages\/2142\/revisions\/2143"}],"wp:attachment":[{"href":"https:\/\/micuerpomitemplo.com\/en\/wp-json\/wp\/v2\/media?parent=2142"}],"curies":[{"name":"wp","href":"https:\/\/api.w.org\/{rel}","templated":true}]}}