{"id":1915,"date":"2024-12-22T10:25:19","date_gmt":"2024-12-22T10:25:19","guid":{"rendered":"https:\/\/micuerpomitemplo.com\/?page_id=1915"},"modified":"2025-01-17T21:12:16","modified_gmt":"2025-01-17T21:12:16","slug":"politicas-de-cookies","status":"publish","type":"page","link":"https:\/\/micuerpomitemplo.com\/en\/politicas-de-cookies\/","title":{"rendered":"Cookies policy"},"content":{"rendered":"<h2 class=\"wp-block-heading\">Cookie policy<\/h2>\n\n\n\n<p>In <strong>My Body, My Temple<\/strong>we use cookies to improve your experience on our web site (<strong>micuerpomitemplo.com<\/strong>), provide you with personalized content and analyse traffic in order to optimise our services. This policy explains what cookies are, how we use them and how you can manage them.<\/p>\n\n\n\n<hr class=\"wp-block-separator has-alpha-channel-opacity\"\/>\n\n\n\n<h3 class=\"wp-block-heading\">What are cookies?<\/h3>\n\n\n\n<p>Cookies are small text files that are stored on your device (computer, tablet or mobile) when you visit a website. These allow the website to remember information about your visit, such as your preferences or activity that you made.<\/p>\n\n\n\n<hr class=\"wp-block-separator has-alpha-channel-opacity\"\/>\n\n\n\n<h3 class=\"wp-block-heading\">Types of cookies we use<\/h3>\n\n\n\n<p>In <strong>My Body, My Temple<\/strong>, we use the following types of cookies:<\/p>\n\n\n\n<ol class=\"wp-block-list\">\n<li><strong>Essential Cookies<\/strong>: These cookies are necessary for the site to work properly and cannot be turned off. For example, they allow you to navigate between pages and access to secure areas.<\/li>\n\n\n\n<li><strong>Performance Cookies<\/strong>: Help us to understand how users interact with our website using anonymous data. This allows us to continually improve your experience.<\/li>\n\n\n\n<li><strong>Functionality Cookies<\/strong>: Remember your preferences and choices, as the language or the privacy settings.<\/li>\n\n\n\n<li><strong>Advertising and marketing Cookies<\/strong>: Used to display content relevant and personalized promotions or services that may be of interest to you.<\/li>\n\n\n\n<li><strong>Third party Cookies<\/strong>: Some third-party services, such as Google Analytics or social networks, may set cookies on your device. These are used for statistics or integrations with external platforms.<\/li>\n<\/ol>\n\n\n\n<hr class=\"wp-block-separator has-alpha-channel-opacity\"\/>\n\n\n\n<h3 class=\"wp-block-heading\">How can you manage your cookies?<\/h3>\n\n\n\n<p>You have the full control over the use of cookies on our web site. You can:<\/p>\n\n\n\n<ul class=\"wp-block-list\">\n<li><strong>To accept or reject cookies<\/strong>: When you first access our website, we will show you a warning where you can manage your preferences.<\/li>\n\n\n\n<li><strong>Configure your web browser<\/strong>: Most browsers allow you to block or delete cookies through their settings. Refer to the specific instructions of your browser:\n<ul class=\"wp-block-list\">\n<li><a>Google Chrome<\/a><\/li>\n\n\n\n<li><a href=\"https:\/\/support.mozilla.org\/es\/kb\/cookies\" target=\"_blank\" rel=\"noopener\">Mozilla Firefox<\/a><\/li>\n\n\n\n<li><a href=\"https:\/\/support.apple.com\/es-es\/guide\/safari\/sfri11471\/mac\" target=\"_blank\" rel=\"noopener\">Safari<\/a><\/li>\n\n\n\n<li><a href=\"https:\/\/support.microsoft.com\/es-es\/microsoft-edge\/eliminar-cookies-en-microsoft-edge-63947406-40ac-c3b9-49b4-2008e7e56023\" target=\"_blank\" rel=\"noopener\">Microsoft Edge<\/a><\/li>\n<\/ul>\n<\/li>\n<\/ul>\n\n\n\n<hr class=\"wp-block-separator has-alpha-channel-opacity\"\/>\n\n\n\n<h3 class=\"wp-block-heading\">Changes to our policy of cookies<\/h3>\n\n\n\n<p>We may update this cookie policy to reflect changes to the law or in the operation of the site. We recommend you review it periodically to stay aware of the updates.<\/p>\n\n\n\n<hr class=\"wp-block-separator has-alpha-channel-opacity\"\/>\n\n\n\n<h3 class=\"wp-block-heading\">Contact<\/h3>\n\n\n\n<p>If you have any questions about our cookie policy, you can contact us by writing to <strong><a>info@micuerpomitemplo.com<\/a><\/strong>.<\/p>","protected":false},"excerpt":{"rendered":"<p>Pol\u00edtica de Cookies En Mi Cuerpo, Mi Templo, utilizamos cookies para mejorar tu experiencia en nuestro sitio web (micuerpomitemplo.com), ofrecerte contenido personalizado y analizar el tr\u00e1fico para optimizar nuestros servicios. Esta pol\u00edtica explica qu\u00e9 son las cookies, c\u00f3mo las utilizamos y c\u00f3mo puedes gestionarlas. \u00bfQu\u00e9 son las cookies? Las cookies son peque\u00f1os archivos de texto&#8230;<\/p>","protected":false},"author":1,"featured_media":0,"parent":0,"menu_order":0,"comment_status":"closed","ping_status":"closed","template":"","meta":{"_kad_post_transparent":"","_kad_post_title":"","_kad_post_layout":"","_kad_post_sidebar_id":"","_kad_post_content_style":"","_kad_post_vertical_padding":"","_kad_post_feature":"","_kad_post_feature_position":"","_kad_post_header":false,"_kad_post_footer":false,"footnotes":""},"class_list":["post-1915","page","type-page","status-publish","hentry"],"_links":{"self":[{"href":"https:\/\/micuerpomitemplo.com\/en\/wp-json\/wp\/v2\/pages\/1915","targetHints":{"allow":["GET"]}}],"collection":[{"href":"https:\/\/micuerpomitemplo.com\/en\/wp-json\/wp\/v2\/pages"}],"about":[{"href":"https:\/\/micuerpomitemplo.com\/en\/wp-json\/wp\/v2\/types\/page"}],"author":[{"embeddable":true,"href":"https:\/\/micuerpomitemplo.com\/en\/wp-json\/wp\/v2\/users\/1"}],"replies":[{"embeddable":true,"href":"https:\/\/micuerpomitemplo.com\/en\/wp-json\/wp\/v2\/comments?post=1915"}],"version-history":[{"count":0,"href":"https:\/\/micuerpomitemplo.com\/en\/wp-json\/wp\/v2\/pages\/1915\/revisions"}],"wp:attachment":[{"href":"https:\/\/micuerpomitemplo.com\/en\/wp-json\/wp\/v2\/media?parent=1915"}],"curies":[{"name":"wp","href":"https:\/\/api.w.org\/{rel}","templated":true}]}}